{"id":2,"date":"2021-10-17T11:22:14","date_gmt":"2021-10-17T09:22:14","guid":{"rendered":"http:\/\/augustbizuteria.pl\/?page_id=2"},"modified":"2022-10-26T15:54:28","modified_gmt":"2022-10-26T13:54:28","slug":"przykladowa-strona","status":"publish","type":"page","link":"https:\/\/augustbizuteria.pl\/","title":{"rendered":"O nas"},"content":{"rendered":"\n<p>Jeste\u015bmy ma\u0142\u0105 pracowni\u0105 zajmuj\u0105c\u0105 si\u0119 produkuj\u0105c\u0105 bi\u017cuterii z metali szlachetnych wed\u0142ug najnowszych i najmodniejszych wzorc\u00f3w, ale nie zapominamy przy tym r\u00f3wnie\u017c o klasycznych rozwi\u0105zaniach. Pragniemy dostarcza\u0107 wysokiej jako\u015bci bi\u017cuteri\u0119 dla odbiorc\u00f3w w ca\u0142ym kraju jak i za granic\u0105. <\/p>\n\n\n\n<p>Najwa\u017cniejsze dla nas jest zadowolenie naszych Klient\u00f3w, dlatego podchodzimy do ka\u017cdego zlecenia indywidualnie, aby zaoferowa\u0107 produkty jak najlepiej dostosowane do potrzeb. Zajmujemy si\u0119 tak\u017ce napraw\u0105 i odnawianiem starej bi\u017cuterii, kt\u00f3r\u0105 po wyko\u0144czeniu, tak jak nasze nowe wyroby obejmujemy gwarancj\u0105.<\/p>\n\n\n\n<p>Nasze us\u0142ugi:<\/p>\n\n\n\n<ul class=\"wp-block-list\"><li>Sprzeda\u017c bi\u017cuterii z\u0142otej i srebrnej<\/li><li>Obr\u0105czki \u015blubne<\/li><li>Grawer<\/li><li>Projektowanie bi\u017cuterii<\/li><li>Naprawa, od\u015bwie\u017canie i przerabianie bi\u017cuterii<\/li><li>Skup z\u0142ota i srebra<\/li><li>Galwanika (z\u0142ocenie, srebrzenie, rodowanie, rutenowanie)<\/li><\/ul>\n\n\n\n<p>Zapraszamy do wsp\u00f3\u0142pracy.<\/p>\n\n\n\n<p><\/p>\n","protected":false},"excerpt":{"rendered":"<p>Jeste\u015bmy ma\u0142\u0105 pracowni\u0105 zajmuj\u0105c\u0105 si\u0119 produkuj\u0105c\u0105 bi\u017cuterii z metali szlachetnych wed\u0142ug najnowszych i najmodniejszych wzorc\u00f3w, ale nie zapominamy przy tym r\u00f3wnie\u017c o klasycznych rozwi\u0105zaniach. Pragniemy dostarcza\u0107 wysokiej jako\u015bci bi\u017cuteri\u0119 dla odbiorc\u00f3w w ca\u0142ym kraju jak i za granic\u0105. Najwa\u017cniejsze dla nas jest zadowolenie naszych Klient\u00f3w, dlatego podchodzimy do ka\u017cdego zlecenia indywidualnie, aby zaoferowa\u0107 produkty jak [&hellip;]<\/p>\n","protected":false},"author":1,"featured_media":0,"parent":0,"menu_order":0,"comment_status":"closed","ping_status":"open","template":"","meta":{"footnotes":""},"class_list":["post-2","page","type-page","status-publish","hentry"],"yoast_head":"<!-- This site is optimized with the Yoast SEO plugin v17.3 - https:\/\/yoast.com\/wordpress\/plugins\/seo\/ -->\n<title>O nas - AUGUST BI\u017bUTERIA<\/title>\n<meta name=\"robots\" content=\"index, follow, max-snippet:-1, max-image-preview:large, max-video-preview:-1\" \/>\n<link rel=\"canonical\" href=\"https:\/\/augustbizuteria.pl\/\" \/>\n<meta property=\"og:locale\" content=\"en_US\" \/>\n<meta property=\"og:type\" content=\"article\" \/>\n<meta property=\"og:title\" content=\"O nas - AUGUST BI\u017bUTERIA\" \/>\n<meta property=\"og:description\" content=\"Jeste\u015bmy ma\u0142\u0105 pracowni\u0105 zajmuj\u0105c\u0105 si\u0119 produkuj\u0105c\u0105 bi\u017cuterii z metali szlachetnych wed\u0142ug najnowszych i najmodniejszych wzorc\u00f3w, ale nie zapominamy przy tym r\u00f3wnie\u017c o klasycznych rozwi\u0105zaniach. Pragniemy dostarcza\u0107 wysokiej jako\u015bci bi\u017cuteri\u0119 dla odbiorc\u00f3w w ca\u0142ym kraju jak i za granic\u0105. Najwa\u017cniejsze dla nas jest zadowolenie naszych Klient\u00f3w, dlatego podchodzimy do ka\u017cdego zlecenia indywidualnie, aby zaoferowa\u0107 produkty jak [&hellip;]\" \/>\n<meta property=\"og:url\" content=\"https:\/\/augustbizuteria.pl\/\" \/>\n<meta property=\"og:site_name\" content=\"AUGUST BI\u017bUTERIA\" \/>\n<meta property=\"article:modified_time\" content=\"2022-10-26T13:54:28+00:00\" \/>\n<meta name=\"twitter:card\" content=\"summary_large_image\" \/>\n<meta name=\"twitter:label1\" content=\"Est. reading time\" \/>\n\t<meta name=\"twitter:data1\" content=\"1 minute\" \/>\n<script type=\"application\/ld+json\" class=\"yoast-schema-graph\">{\"@context\":\"https:\/\/schema.org\",\"@graph\":[{\"@type\":\"WebSite\",\"@id\":\"https:\/\/augustbizuteria.pl\/#website\",\"url\":\"https:\/\/augustbizuteria.pl\/\",\"name\":\"AUGUST BI\\u017bUTERIA\",\"description\":\"\",\"potentialAction\":[{\"@type\":\"SearchAction\",\"target\":{\"@type\":\"EntryPoint\",\"urlTemplate\":\"https:\/\/augustbizuteria.pl\/?s={search_term_string}\"},\"query-input\":\"required name=search_term_string\"}],\"inLanguage\":\"en-US\"},{\"@type\":\"WebPage\",\"@id\":\"https:\/\/augustbizuteria.pl\/#webpage\",\"url\":\"https:\/\/augustbizuteria.pl\/\",\"name\":\"O nas - AUGUST BI\\u017bUTERIA\",\"isPartOf\":{\"@id\":\"https:\/\/augustbizuteria.pl\/#website\"},\"datePublished\":\"2021-10-17T09:22:14+00:00\",\"dateModified\":\"2022-10-26T13:54:28+00:00\",\"breadcrumb\":{\"@id\":\"https:\/\/augustbizuteria.pl\/#breadcrumb\"},\"inLanguage\":\"en-US\",\"potentialAction\":[{\"@type\":\"ReadAction\",\"target\":[\"https:\/\/augustbizuteria.pl\/\"]}]},{\"@type\":\"BreadcrumbList\",\"@id\":\"https:\/\/augustbizuteria.pl\/#breadcrumb\",\"itemListElement\":[{\"@type\":\"ListItem\",\"position\":1,\"name\":\"Home\",\"item\":\"https:\/\/augustbizuteria.pl\/\"},{\"@type\":\"ListItem\",\"position\":2,\"name\":\"O nas\"}]}]}<\/script>\n<!-- \/ Yoast SEO plugin. -->","yoast_head_json":{"title":"O nas - AUGUST BI\u017bUTERIA","robots":{"index":"index","follow":"follow","max-snippet":"max-snippet:-1","max-image-preview":"max-image-preview:large","max-video-preview":"max-video-preview:-1"},"canonical":"https:\/\/augustbizuteria.pl\/","og_locale":"en_US","og_type":"article","og_title":"O nas - AUGUST BI\u017bUTERIA","og_description":"Jeste\u015bmy ma\u0142\u0105 pracowni\u0105 zajmuj\u0105c\u0105 si\u0119 produkuj\u0105c\u0105 bi\u017cuterii z metali szlachetnych wed\u0142ug najnowszych i najmodniejszych wzorc\u00f3w, ale nie zapominamy przy tym r\u00f3wnie\u017c o klasycznych rozwi\u0105zaniach. Pragniemy dostarcza\u0107 wysokiej jako\u015bci bi\u017cuteri\u0119 dla odbiorc\u00f3w w ca\u0142ym kraju jak i za granic\u0105. Najwa\u017cniejsze dla nas jest zadowolenie naszych Klient\u00f3w, dlatego podchodzimy do ka\u017cdego zlecenia indywidualnie, aby zaoferowa\u0107 produkty jak [&hellip;]","og_url":"https:\/\/augustbizuteria.pl\/","og_site_name":"AUGUST BI\u017bUTERIA","article_modified_time":"2022-10-26T13:54:28+00:00","twitter_card":"summary_large_image","twitter_misc":{"Est. reading time":"1 minute"},"schema":{"@context":"https:\/\/schema.org","@graph":[{"@type":"WebSite","@id":"https:\/\/augustbizuteria.pl\/#website","url":"https:\/\/augustbizuteria.pl\/","name":"AUGUST BI\u017bUTERIA","description":"","potentialAction":[{"@type":"SearchAction","target":{"@type":"EntryPoint","urlTemplate":"https:\/\/augustbizuteria.pl\/?s={search_term_string}"},"query-input":"required name=search_term_string"}],"inLanguage":"en-US"},{"@type":"WebPage","@id":"https:\/\/augustbizuteria.pl\/#webpage","url":"https:\/\/augustbizuteria.pl\/","name":"O nas - AUGUST BI\u017bUTERIA","isPartOf":{"@id":"https:\/\/augustbizuteria.pl\/#website"},"datePublished":"2021-10-17T09:22:14+00:00","dateModified":"2022-10-26T13:54:28+00:00","breadcrumb":{"@id":"https:\/\/augustbizuteria.pl\/#breadcrumb"},"inLanguage":"en-US","potentialAction":[{"@type":"ReadAction","target":["https:\/\/augustbizuteria.pl\/"]}]},{"@type":"BreadcrumbList","@id":"https:\/\/augustbizuteria.pl\/#breadcrumb","itemListElement":[{"@type":"ListItem","position":1,"name":"Home","item":"https:\/\/augustbizuteria.pl\/"},{"@type":"ListItem","position":2,"name":"O nas"}]}]}},"_links":{"self":[{"href":"https:\/\/augustbizuteria.pl\/index.php?rest_route=\/wp\/v2\/pages\/2","targetHints":{"allow":["GET"]}}],"collection":[{"href":"https:\/\/augustbizuteria.pl\/index.php?rest_route=\/wp\/v2\/pages"}],"about":[{"href":"https:\/\/augustbizuteria.pl\/index.php?rest_route=\/wp\/v2\/types\/page"}],"author":[{"embeddable":true,"href":"https:\/\/augustbizuteria.pl\/index.php?rest_route=\/wp\/v2\/users\/1"}],"replies":[{"embeddable":true,"href":"https:\/\/augustbizuteria.pl\/index.php?rest_route=%2Fwp%2Fv2%2Fcomments&post=2"}],"version-history":[{"count":1,"href":"https:\/\/augustbizuteria.pl\/index.php?rest_route=\/wp\/v2\/pages\/2\/revisions"}],"predecessor-version":[{"id":32,"href":"https:\/\/augustbizuteria.pl\/index.php?rest_route=\/wp\/v2\/pages\/2\/revisions\/32"}],"wp:attachment":[{"href":"https:\/\/augustbizuteria.pl\/index.php?rest_route=%2Fwp%2Fv2%2Fmedia&parent=2"}],"curies":[{"name":"wp","href":"https:\/\/api.w.org\/{rel}","templated":true}]}}